{"id":466,"date":"2022-04-08T10:12:48","date_gmt":"2022-04-08T16:12:48","guid":{"rendered":"https:\/\/realidadesembusteras.com\/?page_id=466"},"modified":"2022-04-08T12:07:33","modified_gmt":"2022-04-08T18:07:33","slug":"pdf-gratuito-descarga","status":"publish","type":"page","link":"https:\/\/realidadesembusteras.com\/?page_id=466","title":{"rendered":"PDF gratuito (descarga)"},"content":{"rendered":"\n<figure class=\"wp-block-image size-large\"><a href=\"https:\/\/realidadesembusteras.com\/wp-content\/uploads\/2022\/04\/realides20embusteras_un20anc3a1lisis20crc3adtico20sobre20la20desinformacic3b3n.pdf\" target=\"_blank\" rel=\"noreferrer noopener\"><img data-recalc-dims=\"1\" fetchpriority=\"high\" decoding=\"async\" width=\"461\" height=\"597\" data-attachment-id=\"102\" data-permalink=\"https:\/\/realidadesembusteras.com\/?attachment_id=102\" data-orig-file=\"https:\/\/i0.wp.com\/realidadesembusteras.com\/wp-content\/uploads\/2022\/02\/eub_re.jpeg?fit=461%2C597&amp;ssl=1\" data-orig-size=\"461,597\" data-comments-opened=\"1\" data-image-meta=\"{&quot;aperture&quot;:&quot;0&quot;,&quot;credit&quot;:&quot;Josu\\u00e9 Mart\\u00ednez&quot;,&quot;camera&quot;:&quot;&quot;,&quot;caption&quot;:&quot;&quot;,&quot;created_timestamp&quot;:&quot;1644504225&quot;,&quot;copyright&quot;:&quot;&quot;,&quot;focal_length&quot;:&quot;0&quot;,&quot;iso&quot;:&quot;0&quot;,&quot;shutter_speed&quot;:&quot;0&quot;,&quot;title&quot;:&quot;&quot;,&quot;orientation&quot;:&quot;0&quot;}\" data-image-title=\"EUB_RE\" data-image-description=\"\" data-image-caption=\"\" data-medium-file=\"https:\/\/i0.wp.com\/realidadesembusteras.com\/wp-content\/uploads\/2022\/02\/eub_re.jpeg?fit=232%2C300&amp;ssl=1\" data-large-file=\"https:\/\/i0.wp.com\/realidadesembusteras.com\/wp-content\/uploads\/2022\/02\/eub_re.jpeg?fit=461%2C597&amp;ssl=1\" src=\"https:\/\/i0.wp.com\/realidadesembusteras.com\/wp-content\/uploads\/2022\/02\/eub_re.jpeg?resize=461%2C597&#038;ssl=1\" alt=\"\" class=\"wp-image-102\"\/><\/a><\/figure>\n\n\n\n<div class=\"wp-block-file\"><a id=\"wp-block-file--media-338c5b42-6505-41c5-9c8b-b7136ac1c6b6\" href=\"https:\/\/realidadesembusteras.com\/wp-content\/uploads\/2022\/04\/realides20embusteras_un20anc3a1lisis20crc3adtico20sobre20la20desinformacic3b3n.pdf\">realides20embusteras_un20anc3a1lisis20crc3adtico20sobre20la20desinformacic3b3n.pdf<\/a><a href=\"https:\/\/realidadesembusteras.com\/wp-content\/uploads\/2022\/04\/realides20embusteras_un20anc3a1lisis20crc3adtico20sobre20la20desinformacic3b3n.pdf\" class=\"wp-block-file__button\" download aria-describedby=\"wp-block-file--media-338c5b42-6505-41c5-9c8b-b7136ac1c6b6\">Descarga<\/a><\/div>\n","protected":false},"excerpt":{"rendered":"","protected":false},"author":94776997,"featured_media":196,"parent":0,"menu_order":0,"comment_status":"closed","ping_status":"closed","template":"","meta":{"_coblocks_attr":"","_coblocks_dimensions":"","_coblocks_responsive_height":"","_coblocks_accordion_ie_support":"","_crdt_document":"","advanced_seo_description":"Descarga gratuita del libro 'Realidades embusteras: un an\u00e1lisi cr\u00edtico sobre la desinformaci\u00f3n'.","jetpack_seo_html_title":"","jetpack_seo_noindex":false,"jetpack_post_was_ever_published":false,"footnotes":""},"class_list":["post-466","page","type-page","status-publish","has-post-thumbnail","hentry"],"jetpack_likes_enabled":true,"jetpack_sharing_enabled":true,"jetpack_shortlink":"https:\/\/wp.me\/PbTSd8-7w","jetpack-related-posts":[{"id":479,"url":"https:\/\/realidadesembusteras.com\/?page_id=479","url_meta":{"origin":466,"position":0},"title":"BIBLIOGRAF\u00cdA","author":"Daniel Ulibarri","date":"8 abril, 2022","format":false,"excerpt":"COSTA RICA GLOBAL (2017) San Jos\u00e9, Costa Rica, Academia de Centroam\u00e9rica, 2017. Un an\u00e1lisis con visi\u00f3n integral de la proyecci\u00f3n internacional de Costa Rica. Combina las dimensiones estatales y no estatales, lo pol\u00edtico-diplom\u00e1tico, lo comercial-financiero, lo educativo-cultural y otros temas cruciales de una agenda en expansi\u00f3n. La obra postula que,\u2026","rel":"","context":"Entrada similar","block_context":{"text":"Entrada similar","link":""},"img":{"alt_text":"","src":"https:\/\/i0.wp.com\/realidadesembusteras.com\/wp-content\/uploads\/2022\/02\/12273534_926946987395119_2033680020674628067_o-e1649445204891.jpeg?resize=350%2C200&ssl=1","width":350,"height":200},"classes":[]}],"amp_enabled":true,"_links":{"self":[{"href":"https:\/\/realidadesembusteras.com\/index.php?rest_route=\/wp\/v2\/pages\/466","targetHints":{"allow":["GET"]}}],"collection":[{"href":"https:\/\/realidadesembusteras.com\/index.php?rest_route=\/wp\/v2\/pages"}],"about":[{"href":"https:\/\/realidadesembusteras.com\/index.php?rest_route=\/wp\/v2\/types\/page"}],"author":[{"embeddable":true,"href":"https:\/\/realidadesembusteras.com\/index.php?rest_route=\/wp\/v2\/users\/94776997"}],"replies":[{"embeddable":true,"href":"https:\/\/realidadesembusteras.com\/index.php?rest_route=%2Fwp%2Fv2%2Fcomments&post=466"}],"version-history":[{"count":2,"href":"https:\/\/realidadesembusteras.com\/index.php?rest_route=\/wp\/v2\/pages\/466\/revisions"}],"predecessor-version":[{"id":474,"href":"https:\/\/realidadesembusteras.com\/index.php?rest_route=\/wp\/v2\/pages\/466\/revisions\/474"}],"wp:featuredmedia":[{"embeddable":true,"href":"https:\/\/realidadesembusteras.com\/index.php?rest_route=\/wp\/v2\/media\/196"}],"wp:attachment":[{"href":"https:\/\/realidadesembusteras.com\/index.php?rest_route=%2Fwp%2Fv2%2Fmedia&parent=466"}],"curies":[{"name":"wp","href":"https:\/\/api.w.org\/{rel}","templated":true}]}}