{"id":348,"date":"2022-03-05T03:05:01","date_gmt":"2022-03-05T03:05:01","guid":{"rendered":"https:\/\/realidadesembusteras.com\/?page_id=348"},"modified":"2022-04-15T16:33:30","modified_gmt":"2022-04-15T22:33:30","slug":"videos","status":"publish","type":"page","link":"https:\/\/realidadesembusteras.com\/?page_id=348","title":{"rendered":"VIDEOS"},"content":{"rendered":"\t\t<div data-elementor-type=\"wp-page\" data-elementor-id=\"348\" class=\"elementor elementor-348\" data-elementor-post-type=\"page\">\n\t\t\t\t\t\t<section class=\"elementor-section elementor-top-section elementor-element elementor-element-601097c4 elementor-section-boxed elementor-section-height-default elementor-section-height-default\" data-id=\"601097c4\" data-element_type=\"section\" data-e-type=\"section\">\n\t\t\t\t\t\t<div class=\"elementor-container elementor-column-gap-default\">\n\t\t\t\t\t<div class=\"elementor-column elementor-col-100 elementor-top-column elementor-element elementor-element-e9a16bf\" data-id=\"e9a16bf\" data-element_type=\"column\" data-e-type=\"column\">\n\t\t\t<div class=\"elementor-widget-wrap elementor-element-populated\">\n\t\t\t\t\t\t<div class=\"elementor-element elementor-element-d5fa01e elementor-widget elementor-widget-text-editor\" data-id=\"d5fa01e\" data-element_type=\"widget\" data-e-type=\"widget\" data-widget_type=\"text-editor.default\">\n\t\t\t\t\t\t\t\t\t<h1 class=\"title style-scope ytd-video-primary-info-renderer\" style=\"text-align: center;\"><strong>Comparecencias en radio y televisi\u00f3n <br \/><\/strong><\/h1>\t\t\t\t\t\t\t\t<\/div>\n\t\t\t\t<div class=\"elementor-element elementor-element-56430b8a elementor-widget elementor-widget-text-editor\" data-id=\"56430b8a\" data-element_type=\"widget\" data-e-type=\"widget\" data-widget_type=\"text-editor.default\">\n\t\t\t\t\t\t\t\t\t<h3><a href=\"https:\/\/youtu.be\/CWzWKzMXX5s\" target=\"_blank\" rel=\"noopener\">En el programa \u00abCuarto de hora\u00bb, de CADAL, Argentina, converso con el periodista Jorge El\u00edas sobre la desinformaci\u00f3n y la segunda vuelta electoral en Costa Rica.<\/a><\/h3><p><div class=\"jetpack-video-wrapper\"><span class=\"embed-youtube\" style=\"text-align:center; display: block;\"><iframe class=\"youtube-player\" width=\"930\" height=\"524\" src=\"https:\/\/www.youtube.com\/embed\/CWzWKzMXX5s?version=3&#038;rel=1&#038;showsearch=0&#038;showinfo=1&#038;iv_load_policy=1&#038;fs=1&#038;hl=es-ES&#038;autohide=2&#038;wmode=transparent\" allowfullscreen=\"true\" style=\"border:0;\" sandbox=\"allow-scripts allow-same-origin allow-popups allow-presentation allow-popups-to-escape-sandbox\"><\/iframe><\/span><\/div><\/p><ul><li>A los 3:30 minutos utilic\u00e9 err\u00f3neamente el nombre de don Jos\u00e9 Figueres Ferrer para referirme a Jos\u00e9 Mar\u00eda Figueres.\u00a0<\/li><\/ul><h3><a href=\"https:\/\/youtu.be\/HMPBQ7i2dS4\" target=\"_blank\" rel=\"noopener\">Conversaci\u00f3n con el periodista Dar\u00edo Chinchilla, autor de su pr\u00f3logo, sobre el libro <em>Realidades embusteras<\/em> y la desinformaci\u00f3n en general\u00a0<\/a><\/h3><p><div class=\"jetpack-video-wrapper\"><span class=\"embed-youtube\" style=\"text-align:center; display: block;\"><iframe class=\"youtube-player\" width=\"930\" height=\"524\" src=\"https:\/\/www.youtube.com\/embed\/HMPBQ7i2dS4?version=3&#038;rel=1&#038;showsearch=0&#038;showinfo=1&#038;iv_load_policy=1&#038;fs=1&#038;hl=es-ES&#038;autohide=2&#038;wmode=transparent\" allowfullscreen=\"true\" style=\"border:0;\" sandbox=\"allow-scripts allow-same-origin allow-popups allow-presentation allow-popups-to-escape-sandbox\"><\/iframe><\/span><\/div><\/p><hr \/><h3 class=\"title style-scope ytd-video-primary-info-renderer\" style=\"text-align: center;\"><a href=\"https:\/\/www.youtube.com\/watch?v=SLaPBXpBJuY\" target=\"_blank\" rel=\"noopener\">Entrevista sobre el libro &#8216;Realidades embusteras&#8217; con el periodista Carlos Fern\u00e1ndez, del programa \u201cCharlemos\u201d<\/a><\/h3><p><div class=\"jetpack-video-wrapper\"><span class=\"embed-youtube\" style=\"text-align:center; display: block;\"><iframe class=\"youtube-player\" width=\"930\" height=\"524\" src=\"https:\/\/www.youtube.com\/embed\/SLaPBXpBJuY?version=3&#038;rel=1&#038;showsearch=0&#038;showinfo=1&#038;iv_load_policy=1&#038;fs=1&#038;hl=es-ES&#038;autohide=2&#038;wmode=transparent\" allowfullscreen=\"true\" style=\"border:0;\" sandbox=\"allow-scripts allow-same-origin allow-popups allow-presentation allow-popups-to-escape-sandbox\"><\/iframe><\/span><\/div><\/p><hr \/><h1 class=\"title style-scope ytd-video-primary-info-renderer\" style=\"text-align: center;\"><a href=\"https:\/\/www.youtube.com\/watch?v=REq2qjXjmCU&amp;t=680s\" target=\"_blank\" rel=\"noopener\">Razones e impacto de las protestas en Cuba<\/a><\/h1><p><div class=\"jetpack-video-wrapper\"><span class=\"embed-youtube\" style=\"text-align:center; display: block;\"><iframe class=\"youtube-player\" width=\"930\" height=\"524\" src=\"https:\/\/www.youtube.com\/embed\/REq2qjXjmCU?version=3&#038;rel=1&#038;showsearch=0&#038;showinfo=1&#038;iv_load_policy=1&#038;fs=1&#038;hl=es-ES&#038;autohide=2&#038;start=565&#038;wmode=transparent\" allowfullscreen=\"true\" style=\"border:0;\" sandbox=\"allow-scripts allow-same-origin allow-popups allow-presentation allow-popups-to-escape-sandbox\"><\/iframe><\/span><\/div><\/p><hr \/><h1 class=\"title style-scope ytd-video-primary-info-renderer\" style=\"text-align: center;\"><a href=\"https:\/\/www.youtube.com\/watch?v=LWq4hUbmW_Y&amp;t=77s\" target=\"_blank\" rel=\"noopener\">Eduardo Ulibarri en<\/a> <a href=\"https:\/\/www.youtube.com\/watch?v=LWq4hUbmW_Y&amp;t=77s\" target=\"_blank\" rel=\"noopener\">Conclusiones CNN En Espa\u00f1ol (2013)<\/a><\/h1><p><div class=\"jetpack-video-wrapper\"><span class=\"embed-youtube\" style=\"text-align:center; display: block;\"><iframe class=\"youtube-player\" width=\"930\" height=\"524\" src=\"https:\/\/www.youtube.com\/embed\/LWq4hUbmW_Y?version=3&#038;rel=1&#038;showsearch=0&#038;showinfo=1&#038;iv_load_policy=1&#038;fs=1&#038;hl=es-ES&#038;autohide=2&#038;start=77&#038;wmode=transparent\" allowfullscreen=\"true\" style=\"border:0;\" sandbox=\"allow-scripts allow-same-origin allow-popups allow-presentation allow-popups-to-escape-sandbox\"><\/iframe><\/span><\/div><\/p>\t\t\t\t\t\t\t\t<\/div>\n\t\t\t\t\t<\/div>\n\t\t<\/div>\n\t\t\t\t\t<\/div>\n\t\t<\/section>\n\t\t\t\t<\/div>\n\t\t","protected":false},"excerpt":{"rendered":"<p>Comparecencias en radio y televisi\u00f3n En el programa \u00abCuarto de hora\u00bb, de CADAL, Argentina, converso con el periodista Jorge El\u00edas sobre la desinformaci\u00f3n y la &hellip; <\/p>\n","protected":false},"author":94776997,"featured_media":0,"parent":0,"menu_order":0,"comment_status":"closed","ping_status":"closed","template":"","meta":{"_coblocks_attr":"","_coblocks_dimensions":"","_coblocks_responsive_height":"","_coblocks_accordion_ie_support":"","_crdt_document":"","advanced_seo_description":"","jetpack_seo_html_title":"","jetpack_seo_noindex":false,"jetpack_post_was_ever_published":false,"footnotes":""},"class_list":["post-348","page","type-page","status-publish","hentry"],"jetpack_likes_enabled":true,"jetpack_sharing_enabled":true,"jetpack_shortlink":"https:\/\/wp.me\/PbTSd8-5C","jetpack-related-posts":[{"id":201,"url":"https:\/\/realidadesembusteras.com\/?page_id=201","url_meta":{"origin":348,"position":0},"title":"IDEAS PUNTUALES","author":"Daniel Ulibarri","date":"27 febrero, 2022","format":false,"excerpt":"En esta secci\u00f3n incluyo algunas observaciones y sugerencias puntuales sobre la naturaleza de la desinformaci\u00f3n y qu\u00e9 podemos hacer para neutralizarla. Algunas provienen de Realidades embusteras; otras, no. EN QU\u00c9 CONSISTE LA DESINFORMACI\u00d3N En lo esencial, desinformar es comunicar deliberadamente hechos, datos y decisiones falsos o inexistentes, para generar relatos\u2026","rel":"","context":"Entrada similar","block_context":{"text":"Entrada similar","link":""},"img":{"alt_text":"","src":"https:\/\/i0.wp.com\/realidadesembusteras.com\/wp-content\/uploads\/2022\/02\/ulibarri5ae3594025901.jpeg?resize=350%2C200&ssl=1","width":350,"height":200,"srcset":"https:\/\/i0.wp.com\/realidadesembusteras.com\/wp-content\/uploads\/2022\/02\/ulibarri5ae3594025901.jpeg?resize=350%2C200&ssl=1 1x, https:\/\/i0.wp.com\/realidadesembusteras.com\/wp-content\/uploads\/2022\/02\/ulibarri5ae3594025901.jpeg?resize=525%2C300&ssl=1 1.5x, https:\/\/i0.wp.com\/realidadesembusteras.com\/wp-content\/uploads\/2022\/02\/ulibarri5ae3594025901.jpeg?resize=700%2C400&ssl=1 2x, https:\/\/i0.wp.com\/realidadesembusteras.com\/wp-content\/uploads\/2022\/02\/ulibarri5ae3594025901.jpeg?resize=1050%2C600&ssl=1 3x, https:\/\/i0.wp.com\/realidadesembusteras.com\/wp-content\/uploads\/2022\/02\/ulibarri5ae3594025901.jpeg?resize=1400%2C800&ssl=1 4x"},"classes":[]},{"id":479,"url":"https:\/\/realidadesembusteras.com\/?page_id=479","url_meta":{"origin":348,"position":1},"title":"BIBLIOGRAF\u00cdA","author":"Daniel Ulibarri","date":"8 abril, 2022","format":false,"excerpt":"COSTA RICA GLOBAL (2017) San Jos\u00e9, Costa Rica, Academia de Centroam\u00e9rica, 2017. Un an\u00e1lisis con visi\u00f3n integral de la proyecci\u00f3n internacional de Costa Rica. Combina las dimensiones estatales y no estatales, lo pol\u00edtico-diplom\u00e1tico, lo comercial-financiero, lo educativo-cultural y otros temas cruciales de una agenda en expansi\u00f3n. La obra postula que,\u2026","rel":"","context":"Entrada similar","block_context":{"text":"Entrada similar","link":""},"img":{"alt_text":"","src":"https:\/\/i0.wp.com\/realidadesembusteras.com\/wp-content\/uploads\/2022\/02\/12273534_926946987395119_2033680020674628067_o-e1649445204891.jpeg?resize=350%2C200&ssl=1","width":350,"height":200},"classes":[]},{"id":5,"url":"https:\/\/realidadesembusteras.com\/?page_id=5","url_meta":{"origin":348,"position":2},"title":"Eduardo Ulibarri","author":"Daniel Ulibarri","date":"15 abril, 2020","format":false,"excerpt":"A partir de una exhaustiva exploraci\u00f3n, fuentes m\u00faltiples y agudas reflexiones, este libro se dedica a desentra\u00f1ar la naturaleza, exponer los m\u00e9todos, analizar los factores y proponer iniciativas para contrarrestar la desinformaci\u00f3n. Este es un ejemplo de una p\u00e1gina Acerca de. A diferencia de las entradas, las p\u00e1ginas se ajustan\u2026","rel":"","context":"Entrada similar","block_context":{"text":"Entrada similar","link":""},"img":{"alt_text":"","src":"https:\/\/i0.wp.com\/realidadesembusteras.com\/wp-content\/uploads\/2022\/02\/a7c612b0-3f8a-4fec-90d7-5eaccf7452f8.jpg?resize=350%2C200&ssl=1","width":350,"height":200,"srcset":"https:\/\/i0.wp.com\/realidadesembusteras.com\/wp-content\/uploads\/2022\/02\/a7c612b0-3f8a-4fec-90d7-5eaccf7452f8.jpg?resize=350%2C200&ssl=1 1x, https:\/\/i0.wp.com\/realidadesembusteras.com\/wp-content\/uploads\/2022\/02\/a7c612b0-3f8a-4fec-90d7-5eaccf7452f8.jpg?resize=525%2C300&ssl=1 1.5x, https:\/\/i0.wp.com\/realidadesembusteras.com\/wp-content\/uploads\/2022\/02\/a7c612b0-3f8a-4fec-90d7-5eaccf7452f8.jpg?resize=700%2C400&ssl=1 2x, https:\/\/i0.wp.com\/realidadesembusteras.com\/wp-content\/uploads\/2022\/02\/a7c612b0-3f8a-4fec-90d7-5eaccf7452f8.jpg?resize=1050%2C600&ssl=1 3x"},"classes":[]},{"id":262,"url":"https:\/\/realidadesembusteras.com\/?page_id=262","url_meta":{"origin":348,"position":3},"title":"FUENTES \u00daTILES","author":"eduardoulibarri","date":"28 febrero, 2022","format":false,"excerpt":"A continuaci\u00f3n, una serie de fuentes de inter\u00e9s y utilidad en relaci\u00f3n con los procesos de comunicaci\u00f3n en general y la desinformaci\u00f3n en particular. Abelson, Herbert I. (1962).\u00a0Persuasion. Nueva York, Springer Publishing Company. Alderman, Liz. (26 de mayo, 2021). \u201cInfluencers Say They Were Urged to Criticize Pfizer Vaccine\u201d.\u00a0The New York\u2026","rel":"","context":"Entrada similar","block_context":{"text":"Entrada similar","link":""},"img":{"alt_text":"","src":"https:\/\/i0.wp.com\/realidadesembusteras.com\/wp-content\/uploads\/2022\/02\/kimberly-farmer-lUaaKCUANVI-unsplash-scaled-1.jpeg?resize=350%2C200&ssl=1","width":350,"height":200,"srcset":"https:\/\/i0.wp.com\/realidadesembusteras.com\/wp-content\/uploads\/2022\/02\/kimberly-farmer-lUaaKCUANVI-unsplash-scaled-1.jpeg?resize=350%2C200&ssl=1 1x, https:\/\/i0.wp.com\/realidadesembusteras.com\/wp-content\/uploads\/2022\/02\/kimberly-farmer-lUaaKCUANVI-unsplash-scaled-1.jpeg?resize=525%2C300&ssl=1 1.5x, https:\/\/i0.wp.com\/realidadesembusteras.com\/wp-content\/uploads\/2022\/02\/kimberly-farmer-lUaaKCUANVI-unsplash-scaled-1.jpeg?resize=700%2C400&ssl=1 2x, https:\/\/i0.wp.com\/realidadesembusteras.com\/wp-content\/uploads\/2022\/02\/kimberly-farmer-lUaaKCUANVI-unsplash-scaled-1.jpeg?resize=1050%2C600&ssl=1 3x, https:\/\/i0.wp.com\/realidadesembusteras.com\/wp-content\/uploads\/2022\/02\/kimberly-farmer-lUaaKCUANVI-unsplash-scaled-1.jpeg?resize=1400%2C800&ssl=1 4x"},"classes":[]}],"amp_enabled":true,"_links":{"self":[{"href":"https:\/\/realidadesembusteras.com\/index.php?rest_route=\/wp\/v2\/pages\/348","targetHints":{"allow":["GET"]}}],"collection":[{"href":"https:\/\/realidadesembusteras.com\/index.php?rest_route=\/wp\/v2\/pages"}],"about":[{"href":"https:\/\/realidadesembusteras.com\/index.php?rest_route=\/wp\/v2\/types\/page"}],"author":[{"embeddable":true,"href":"https:\/\/realidadesembusteras.com\/index.php?rest_route=\/wp\/v2\/users\/94776997"}],"replies":[{"embeddable":true,"href":"https:\/\/realidadesembusteras.com\/index.php?rest_route=%2Fwp%2Fv2%2Fcomments&post=348"}],"version-history":[{"count":30,"href":"https:\/\/realidadesembusteras.com\/index.php?rest_route=\/wp\/v2\/pages\/348\/revisions"}],"predecessor-version":[{"id":563,"href":"https:\/\/realidadesembusteras.com\/index.php?rest_route=\/wp\/v2\/pages\/348\/revisions\/563"}],"wp:attachment":[{"href":"https:\/\/realidadesembusteras.com\/index.php?rest_route=%2Fwp%2Fv2%2Fmedia&parent=348"}],"curies":[{"name":"wp","href":"https:\/\/api.w.org\/{rel}","templated":true}]}}